{"id":21,"date":"2017-10-01T20:36:33","date_gmt":"2017-10-01T18:36:33","guid":{"rendered":"http:\/\/deggendorf-beta.rotaract.de\/?page_id=21"},"modified":"2025-10-28T22:17:05","modified_gmt":"2025-10-28T21:17:05","slug":"rotaractindeg","status":"publish","type":"page","link":"https:\/\/deggendorf.rotaract.de\/?page_id=21","title":{"rendered":"Wir in Deggendorf"},"content":{"rendered":"<h1>Unser Motto <\/h1>\n<div class=\"gb-container gb-container-15ac6cde\">\n<div class=\"gb-grid-wrapper gb-grid-wrapper-bf525d10\">\n<!-- Helfen Section -->\n<div class=\"gb-grid-column gb-grid-column-10a89168\"><div class=\"gb-container gb-container-10a89168\">\n\n<figure class=\"gb-block-image gb-block-image-6159fe5d\" style=\"width: 50%\"><img decoding=\"async\" class=\"gb-image gb-image-6159fe5d\" src=\"https:\/\/deggendorf.rotaract.de\/wp-content\/uploads\/sites\/257\/2024\/07\/help_2597143.png\" alt=\"\" title=\"placeholder1280x720\" \/><\/figure>\n\n\n<div class=\"gb-headline gb-headline-86c87eea gb-headline-text\">HELFEN<\/div>\n\n<!-- Hidden Text -->\n<div class=\"hidden-text\" id=\"text1\">\n     <p>Helfen beginnt im allt\u00e4glichen Leben bei jedem Menschen, aber auch als Club wollen wir gemeinsam andere unterst\u00fctzen. Ob in unserer Nachbarschaft, deutschlandweit oder international \u2013 es gibt genug zu tun:<\/p>\n        <li>mit kranken Kindern spielen oder Feriencamps organisieren<\/li>\n        <li>sich Zeit f\u00fcr \u00c4ltere nehmen<\/li>\n        <li>Spielpl\u00e4tze bauen<\/li>\n        <li>Bed\u00fcrftige mit Spendenpaketen unterst\u00fctzen<\/li>\n        <li>Weltweite gemeinsame Spendenaktionen organisieren<\/li>\n        <li>Katastrophenhilfe vor Ort leisten<\/li>\n<h5><\/h5>  \n<p>Jeder Mensch kann Hilfe gebrauchen und jeder Mensch kann Hilfestellung leisten. Beide Seiten sind gl\u00fccklich und kommen so einander n\u00e4her.<\/p>\n<p><a href=\"https:\/\/rotaract.de\/ueber-rotaract\">https:\/\/rotaract.de\/ueber-rotaract<\/a><\/p>\n<\/div>\n<div class=\"gb-container gb-container-01c9fce9\">\n<\/div>\n<\/div><\/div>\n<!-- Lernen Section -->\n<div class=\"gb-grid-column gb-grid-column-2a21763b\"><div class=\"gb-container gb-container-2a21763b\">\n\n<figure class=\"gb-block-image gb-block-image-55aee1b6\" style=\"width: 50%\"><img decoding=\"async\" class=\"gb-image gb-image-55aee1b6\" src=\"https:\/\/deggendorf.rotaract.de\/wp-content\/uploads\/sites\/257\/2024\/07\/mortarboard_10322776.png\" alt=\"\" title=\"placeholder1280x720\" \/><\/figure>\n\n\n<div class=\"gb-headline gb-headline-f646b273 gb-headline-text\">LERNEN<\/div>\n\n<!-- Hidden Text -->\n<div class=\"hidden-text\" id=\"text2\">\n     <p>Lernen bedeutet sich weiterbilden, seinen Horizont erweitern und \u00fcber den allt\u00e4glichen Tellerrand hinausblicken, aber auch einander kennenlernen. Ob au\u00dfergew\u00f6hnliche Berufe und Hobbys, Reisen, Kunst und Kultur oder gesellschaftspolitische Themen \u2013 es ist f\u00fcr jeden etwas Interessantes dabei:<\/p>\n        <li>Votr\u00e4ge von Mitglieder oder externen Referenten<\/li>\n        <li>Betriebsbesichtigungen<\/li>\n        <li>Management-Trainings, Seminare oder Workshops<\/li>\n        <li>Konzerte-, Museums- oder Theaterbesuche<\/li>\n        <li>Deutschland-, Europa- oder Weltkonferenzen<\/li>\n<h5><\/h5>  \n<p>Durch Clubpatenschaften und gegenseitige Besuche f\u00f6rdern wir zudem kulturellen Austausch und Verst\u00e4ndigung.<\/p>\n<p><a href=\"https:\/\/rotaract.de\/ueber-rotaract\">https:\/\/rotaract.de\/ueber-rotaract<\/a><\/p>\n<\/div>\n<div class=\"gb-container gb-container-32cfa058\">\n<\/div>\n<\/div><\/div>\n<!-- Feiern Section -->\n<div class=\"gb-grid-column gb-grid-column-87ceedcb\"><div class=\"gb-container gb-container-87ceedcb\">\n\n<figure class=\"gb-block-image gb-block-image-b10c4173\" style=\"width: 50%\"><img decoding=\"async\" class=\"gb-image gb-image-b10c4173\" src=\"https:\/\/deggendorf.rotaract.de\/wp-content\/uploads\/sites\/257\/2024\/07\/mirror-ball_1887776.png\" alt=\"\" title=\"placeholder1280x720\" \/><\/figure>\n\n\n<div class=\"gb-headline gb-headline-741cf6f6 gb-headline-text\">FEIERN<\/div>\n\n<!-- Hidden Text -->\n<div class=\"hidden-text\" id=\"text3\">\n    <p>Bei gemeinsamen Veranstaltungen, Partys und Reisen ergeben sich vielf\u00e4ltige M\u00f6glichkeiten, mit den unterschiedlichsten Menschen ins Gespr\u00e4ch zu kommen. Man lernt einander kennen und sch\u00e4tzen. Aus Fremde werden Freunde, h\u00e4ufig f\u00fcr das ganze Leben. Egal wo man gerade auf der Welt ist, irgendwo ist immer was los und Rotaracter sind in der N\u00e4he. Man ist stets ein willkommener Gast bei verschiedenen Veranstaltungen:<\/p>\n        <li>Club- und Benefizveranstaltungen<\/li>\n        <li>Cocktailabende<\/li>\n        <li>Grillpartys<\/li>\n        <li>Jubil\u00e4umsfeiern<\/li>\n        <li>Reisen zu Partnerclubs im Ausland<\/li>\n<h5><\/h5>  \n<p>Gemeinsam wachsen, Freundschaften schlie\u00dfen und sich auf andere verlassen k\u00f6nnen \u2013 das z\u00e4hlt bei Rotaract.<\/p>\n<p><a href=\"https:\/\/rotaract.de\/ueber-rotaract\">https:\/\/rotaract.de\/ueber-rotaract<\/a><\/p>\n<\/div>\n<div class=\"gb-container gb-container-bf91970e\">\n<\/div>\n<\/div><\/div>\n<\/div>\n\n<h1>Unser Vorstandsteam 2025\/2026<\/h1>\n<img decoding=\"async\" class=\"alignnone size-medium wp-image-42\" src=\"https:\/\/deggendorf.rotaract.de\/wp-content\/uploads\/sites\/257\/2025\/10\/WhatsApp-Image-2025-10-28-at-20.40.06_4b4bc5f2.jpg\" alt=\"\" width=\"1500\" height=\"600\" \/><\/div>","protected":false},"excerpt":{"rendered":"<p>Unser Motto<\/p>\n","protected":false},"author":240,"featured_media":0,"parent":0,"menu_order":1,"comment_status":"closed","ping_status":"closed","template":"","meta":{"_coblocks_attr":"","_coblocks_dimensions":"","_coblocks_responsive_height":"","_coblocks_accordion_ie_support":"","footnotes":""},"class_list":["post-21","page","type-page","status-publish"],"yoast_head":"<!-- This site is optimized with the Yoast SEO plugin v27.5 - https:\/\/yoast.com\/product\/yoast-seo-wordpress\/ -->\n<title>Wir in Deggendorf - Rotaract Club Deggendorf<\/title>\n<meta name=\"robots\" content=\"index, follow, max-snippet:-1, max-image-preview:large, max-video-preview:-1\" \/>\n<link rel=\"canonical\" href=\"https:\/\/deggendorf.rotaract.de\/?page_id=21\" \/>\n<meta property=\"og:locale\" content=\"de_DE\" \/>\n<meta property=\"og:type\" content=\"article\" \/>\n<meta property=\"og:title\" content=\"Wir in Deggendorf - Rotaract Club Deggendorf\" \/>\n<meta property=\"og:description\" content=\"Unser Motto\" \/>\n<meta property=\"og:url\" content=\"https:\/\/deggendorf.rotaract.de\/?page_id=21\" \/>\n<meta property=\"og:site_name\" content=\"Rotaract Club Deggendorf\" \/>\n<meta property=\"article:modified_time\" content=\"2025-10-28T21:17:05+00:00\" \/>\n<meta property=\"og:image\" content=\"https:\/\/deggendorf.rotaract.de\/wp-content\/uploads\/sites\/257\/2024\/07\/help_2597143.png\" \/>\n<meta name=\"twitter:card\" content=\"summary_large_image\" \/>\n<meta name=\"twitter:label1\" content=\"Gesch\u00e4tzte Lesezeit\" \/>\n\t<meta name=\"twitter:data1\" content=\"3\u00a0Minuten\" \/>\n<script type=\"application\/ld+json\" class=\"yoast-schema-graph\">{\"@context\":\"https:\\\/\\\/schema.org\",\"@graph\":[{\"@type\":\"WebPage\",\"@id\":\"https:\\\/\\\/deggendorf.rotaract.de\\\/?page_id=21\",\"url\":\"https:\\\/\\\/deggendorf.rotaract.de\\\/?page_id=21\",\"name\":\"Wir in Deggendorf - Rotaract Club Deggendorf\",\"isPartOf\":{\"@id\":\"https:\\\/\\\/deggendorf.rotaract.de\\\/#website\"},\"primaryImageOfPage\":{\"@id\":\"https:\\\/\\\/deggendorf.rotaract.de\\\/?page_id=21#primaryimage\"},\"image\":{\"@id\":\"https:\\\/\\\/deggendorf.rotaract.de\\\/?page_id=21#primaryimage\"},\"thumbnailUrl\":\"https:\\\/\\\/deggendorf.rotaract.de\\\/wp-content\\\/uploads\\\/sites\\\/257\\\/2024\\\/07\\\/help_2597143.png\",\"datePublished\":\"2017-10-01T18:36:33+00:00\",\"dateModified\":\"2025-10-28T21:17:05+00:00\",\"breadcrumb\":{\"@id\":\"https:\\\/\\\/deggendorf.rotaract.de\\\/?page_id=21#breadcrumb\"},\"inLanguage\":\"de\",\"potentialAction\":[{\"@type\":\"ReadAction\",\"target\":[\"https:\\\/\\\/deggendorf.rotaract.de\\\/?page_id=21\"]}]},{\"@type\":\"ImageObject\",\"inLanguage\":\"de\",\"@id\":\"https:\\\/\\\/deggendorf.rotaract.de\\\/?page_id=21#primaryimage\",\"url\":\"https:\\\/\\\/deggendorf.rotaract.de\\\/wp-content\\\/uploads\\\/sites\\\/257\\\/2024\\\/07\\\/help_2597143.png\",\"contentUrl\":\"https:\\\/\\\/deggendorf.rotaract.de\\\/wp-content\\\/uploads\\\/sites\\\/257\\\/2024\\\/07\\\/help_2597143.png\",\"width\":512,\"height\":512},{\"@type\":\"BreadcrumbList\",\"@id\":\"https:\\\/\\\/deggendorf.rotaract.de\\\/?page_id=21#breadcrumb\",\"itemListElement\":[{\"@type\":\"ListItem\",\"position\":1,\"name\":\"Startseite\",\"item\":\"https:\\\/\\\/deggendorf.rotaract.de\\\/\"},{\"@type\":\"ListItem\",\"position\":2,\"name\":\"Wir in Deggendorf\"}]},{\"@type\":\"WebSite\",\"@id\":\"https:\\\/\\\/deggendorf.rotaract.de\\\/#website\",\"url\":\"https:\\\/\\\/deggendorf.rotaract.de\\\/\",\"name\":\"Rotaract Club Deggendorf\",\"description\":\"Distrikt 1842\",\"potentialAction\":[{\"@type\":\"SearchAction\",\"target\":{\"@type\":\"EntryPoint\",\"urlTemplate\":\"https:\\\/\\\/deggendorf.rotaract.de\\\/?s={search_term_string}\"},\"query-input\":{\"@type\":\"PropertyValueSpecification\",\"valueRequired\":true,\"valueName\":\"search_term_string\"}}],\"inLanguage\":\"de\"}]}<\/script>\n<!-- \/ Yoast SEO plugin. -->","yoast_head_json":{"title":"Wir in Deggendorf - Rotaract Club Deggendorf","robots":{"index":"index","follow":"follow","max-snippet":"max-snippet:-1","max-image-preview":"max-image-preview:large","max-video-preview":"max-video-preview:-1"},"canonical":"https:\/\/deggendorf.rotaract.de\/?page_id=21","og_locale":"de_DE","og_type":"article","og_title":"Wir in Deggendorf - Rotaract Club Deggendorf","og_description":"Unser Motto","og_url":"https:\/\/deggendorf.rotaract.de\/?page_id=21","og_site_name":"Rotaract Club Deggendorf","article_modified_time":"2025-10-28T21:17:05+00:00","og_image":[{"url":"https:\/\/deggendorf.rotaract.de\/wp-content\/uploads\/sites\/257\/2024\/07\/help_2597143.png","type":"","width":"","height":""}],"twitter_card":"summary_large_image","twitter_misc":{"Gesch\u00e4tzte Lesezeit":"3\u00a0Minuten"},"schema":{"@context":"https:\/\/schema.org","@graph":[{"@type":"WebPage","@id":"https:\/\/deggendorf.rotaract.de\/?page_id=21","url":"https:\/\/deggendorf.rotaract.de\/?page_id=21","name":"Wir in Deggendorf - Rotaract Club Deggendorf","isPartOf":{"@id":"https:\/\/deggendorf.rotaract.de\/#website"},"primaryImageOfPage":{"@id":"https:\/\/deggendorf.rotaract.de\/?page_id=21#primaryimage"},"image":{"@id":"https:\/\/deggendorf.rotaract.de\/?page_id=21#primaryimage"},"thumbnailUrl":"https:\/\/deggendorf.rotaract.de\/wp-content\/uploads\/sites\/257\/2024\/07\/help_2597143.png","datePublished":"2017-10-01T18:36:33+00:00","dateModified":"2025-10-28T21:17:05+00:00","breadcrumb":{"@id":"https:\/\/deggendorf.rotaract.de\/?page_id=21#breadcrumb"},"inLanguage":"de","potentialAction":[{"@type":"ReadAction","target":["https:\/\/deggendorf.rotaract.de\/?page_id=21"]}]},{"@type":"ImageObject","inLanguage":"de","@id":"https:\/\/deggendorf.rotaract.de\/?page_id=21#primaryimage","url":"https:\/\/deggendorf.rotaract.de\/wp-content\/uploads\/sites\/257\/2024\/07\/help_2597143.png","contentUrl":"https:\/\/deggendorf.rotaract.de\/wp-content\/uploads\/sites\/257\/2024\/07\/help_2597143.png","width":512,"height":512},{"@type":"BreadcrumbList","@id":"https:\/\/deggendorf.rotaract.de\/?page_id=21#breadcrumb","itemListElement":[{"@type":"ListItem","position":1,"name":"Startseite","item":"https:\/\/deggendorf.rotaract.de\/"},{"@type":"ListItem","position":2,"name":"Wir in Deggendorf"}]},{"@type":"WebSite","@id":"https:\/\/deggendorf.rotaract.de\/#website","url":"https:\/\/deggendorf.rotaract.de\/","name":"Rotaract Club Deggendorf","description":"Distrikt 1842","potentialAction":[{"@type":"SearchAction","target":{"@type":"EntryPoint","urlTemplate":"https:\/\/deggendorf.rotaract.de\/?s={search_term_string}"},"query-input":{"@type":"PropertyValueSpecification","valueRequired":true,"valueName":"search_term_string"}}],"inLanguage":"de"}]}},"_links":{"self":[{"href":"https:\/\/deggendorf.rotaract.de\/index.php?rest_route=\/wp\/v2\/pages\/21","targetHints":{"allow":["GET"]}}],"collection":[{"href":"https:\/\/deggendorf.rotaract.de\/index.php?rest_route=\/wp\/v2\/pages"}],"about":[{"href":"https:\/\/deggendorf.rotaract.de\/index.php?rest_route=\/wp\/v2\/types\/page"}],"author":[{"embeddable":true,"href":"https:\/\/deggendorf.rotaract.de\/index.php?rest_route=\/wp\/v2\/users\/240"}],"replies":[{"embeddable":true,"href":"https:\/\/deggendorf.rotaract.de\/index.php?rest_route=%2Fwp%2Fv2%2Fcomments&post=21"}],"version-history":[{"count":136,"href":"https:\/\/deggendorf.rotaract.de\/index.php?rest_route=\/wp\/v2\/pages\/21\/revisions"}],"predecessor-version":[{"id":1315,"href":"https:\/\/deggendorf.rotaract.de\/index.php?rest_route=\/wp\/v2\/pages\/21\/revisions\/1315"}],"wp:attachment":[{"href":"https:\/\/deggendorf.rotaract.de\/index.php?rest_route=%2Fwp%2Fv2%2Fmedia&parent=21"}],"curies":[{"name":"wp","href":"https:\/\/api.w.org\/{rel}","templated":true}]}}