{"id":445,"date":"2023-09-29T16:14:56","date_gmt":"2023-09-29T14:14:56","guid":{"rendered":"https:\/\/deggendorf.rotaract.de\/?page_id=445"},"modified":"2025-02-13T15:12:09","modified_gmt":"2025-02-13T14:12:09","slug":"rotarische-familie","status":"publish","type":"page","link":"https:\/\/deggendorf.rotaract.de\/?page_id=445","title":{"rendered":"Rotarische Familie"},"content":{"rendered":"<p><img decoding=\"async\" src=\"https:\/\/deggendorf.rotaract.de\/wp-content\/uploads\/sites\/257\/2023\/09\/family.png\" alt=\"Description of the image\" width=\"100%\" \/><\/p>\n<h2>Rotary<\/h2>\n<p>Der <strong>Rotary Club Deggendorf<\/strong> wurde 1966 gegr\u00fcndet und z\u00e4hlt heute 59 Mitglieder. Der Club geh\u00f6rt zu Rotary International, gegr\u00fcndet im Jahr 1905 in Chicago. Weltweit hat Rotary 1, 2 Mio. Mitglieder, in Deutschland allein ca. 53.000 in mehr als 1000 Clubs. Alle Rotarierinnen und Rotarier wollen denen zur Seite stehen, die sich nicht selbst helfen k\u00f6nnen: im lokalen Umfeld der eigenen Gemeinde wie im Rahmen von internationalen humanit\u00e4ren Hilfsprojekten. Die Clubmitglieder sind F\u00fchrungskr\u00e4fte aus allen Berufen und setzen ihre beruflichen F\u00e4higkeiten in ihrer ehrenamtlichen Arbeit ein, um damit ihr Motto \u201eSelbstlos Dienen\u201c zu verwirklichen. Rotary ist unabh\u00e4ngig, \u00fcberparteilich und nicht konfessionell gebunden.<\/p>\n<h2>Was ist Rotaract?<\/h2>\n<p>Rotaract ist ein Club f\u00fcr engagierte junge Erwachsene ab 18 Jahren aus allen Ausbildungs- und Berufsgruppen, die Interesse an den Ideen von Rotaract haben und aktiv am Clubleben teilnehmen m\u00f6chten. &#8222;Rotaract&#8220; ist eine Wortsch\u00f6pfung aus &#8222;Rotary&#8220; in &#8222;Action&#8220;. Der Name steht also f\u00fcr Jugend in Aktion im Rahmen der rotarischen Idee.<\/p>\n<p>Was ist die rotarische Idee? Das Ziel von Rotary ist Dienstbereitschaft im t\u00e4glichen Leben. Als Gegenpol zu dem im Berufsleben \u00fcblichen Konkurrenzkampf gegr\u00fcndet, bem\u00fcht sich Rotary um eine R\u00fcckbesinnung auf Werte wie Freundschaft, Fairness, Toleranz und V\u00f6lkerverst\u00e4ndigung. Dieser Gedanke bestimmt auch den Wahlspruch der Rotarier: &#8222;Service Above Self&#8220;<\/p>\n<p>Wie stehen wir zu Rotary? Rotaract ist wie Rotary der rotarischen Idee verpflichtet. Rotaract Clubs (RAC) werden in Patenschaft mit Rotary Clubs (RC) gegr\u00fcndet. Beide Clubs pflegen ein partnerschaftliches Verh\u00e4ltnis. Der Rotaract Club kann sich unabh\u00e4ngig entfalten und sein Clubleben im Rahmen der rotarischen Idee selbst\u00e4ndig gestalten.<\/p>\n<p>Wo gibt es Rotaract? Weltweit gibt es 10.900 Rotaract Clubs in 184 L\u00e4ndern (Stand: April 2020). In Deutschland sind es derzeit 190 Rotaract Clubs (Stand: April 2020).<\/p>\n<p>Was tun wir konkret? Durch regelm\u00e4\u00dfige Treffen pflegen wir freundschaftliche Beziehungen und geben Gelegenheit zum Gedankenaustausch. Wir organisieren Vortr\u00e4ge mit Gastrednern oder Referenten aus dem eigenen Club und unternehmen gemeinsame Besuche von Kulturveranstaltungen. Daneben halten wir Kontakt zu anderen Rotaract Clubs im In- und Ausland, z.B. durch Teilnahme an gemeinsamen Veranstaltungen. Einen besonderen Stellenwert bei Rotaract hat das soziale Engagement: Wir f\u00fchren regelm\u00e4\u00dfig Sozialaktionen durch \u2212 vor Ort, regional, deutschland- oder weltweit.<\/p>\n<h2>S\u00e4ulen eines S\u00e4ulen \u2013 ein solides Fundament<\/h2>\n<p>Alle Rotaracter verfolgen dasselbe Anliegen: Menschen in Not zu helfen und gleichzeitig Freundschaften zu schlie\u00dfen und seinen Horizont zu erweitern. Als Grundlage hierf\u00fcr bilden die einzelnen Rotaract Clubs ein soziales weltweites Netzwerk. Es  bietet jungen Leuten dadurch die M\u00f6glichkeit, Gutes zu tun und sich dabei pers\u00f6nlich wie auch beruflich weiter zu entwickeln.<\/p>\n<p>Bei allem, was wir denken, sagen oder tun, gilt immer die:<\/p>\n<p>Vier-Fragen-Probe:<\/p>\n<p>Ist es WAHR?<br \/>\nIst es  FAIR f\u00fcr alle Beteiligten?<br \/>\nWird es FREUNDSCHAFT und GUTEN WILLEN f\u00f6rdern?<br \/>\nWird es dem WOHL aller Beteiligten dienen?<\/p>\n<p>Bereits 1932 formulierte der Rotarier Herbert J. Taylor diese Vier-Fragen-Probe.<br \/>\nDieser Ehrenkodex sollte 11 Jahre sp\u00e4ter offiziell von Rotary aufgenommen werden.<br \/>\nEr leitet bis heute (in weit mehr als 100 Sprachen) Rotarier und Rotaracter.<\/p>\n","protected":false},"excerpt":{"rendered":"<p>Rotary Der Rotary Club Deggendorf wurde 1966 gegr\u00fcndet und z\u00e4hlt heute 59 Mitglieder. Der Club geh\u00f6rt zu Rotary International, gegr\u00fcndet im Jahr 1905 in Chicago. Weltweit hat Rotary 1, 2 Mio. Mitglieder, in Deutschland allein ca. 53.000 in mehr als 1000 Clubs. Alle Rotarierinnen und Rotarier wollen denen zur Seite stehen, die sich nicht selbst &#8230; <a title=\"Rotarische Familie\" class=\"read-more\" href=\"https:\/\/deggendorf.rotaract.de\/?page_id=445\" aria-label=\"Mehr Informationen \u00fcber Rotarische Familie\">Weiterlesen<\/a><\/p>\n","protected":false},"author":240,"featured_media":0,"parent":0,"menu_order":0,"comment_status":"closed","ping_status":"closed","template":"","meta":{"_coblocks_attr":"","_coblocks_dimensions":"","_coblocks_responsive_height":"","_coblocks_accordion_ie_support":"","footnotes":""},"class_list":["post-445","page","type-page","status-publish"],"yoast_head":"<!-- This site is optimized with the Yoast SEO plugin v27.5 - https:\/\/yoast.com\/product\/yoast-seo-wordpress\/ -->\n<title>Rotarische Familie - Rotaract Club Deggendorf<\/title>\n<meta name=\"robots\" content=\"index, follow, max-snippet:-1, max-image-preview:large, max-video-preview:-1\" \/>\n<link rel=\"canonical\" href=\"https:\/\/deggendorf.rotaract.de\/?page_id=445\" \/>\n<meta property=\"og:locale\" content=\"de_DE\" \/>\n<meta property=\"og:type\" content=\"article\" \/>\n<meta property=\"og:title\" content=\"Rotarische Familie - Rotaract Club Deggendorf\" \/>\n<meta property=\"og:description\" content=\"Rotary Der Rotary Club Deggendorf wurde 1966 gegr\u00fcndet und z\u00e4hlt heute 59 Mitglieder. Der Club geh\u00f6rt zu Rotary International, gegr\u00fcndet im Jahr 1905 in Chicago. Weltweit hat Rotary 1, 2 Mio. Mitglieder, in Deutschland allein ca. 53.000 in mehr als 1000 Clubs. Alle Rotarierinnen und Rotarier wollen denen zur Seite stehen, die sich nicht selbst ... Weiterlesen\" \/>\n<meta property=\"og:url\" content=\"https:\/\/deggendorf.rotaract.de\/?page_id=445\" \/>\n<meta property=\"og:site_name\" content=\"Rotaract Club Deggendorf\" \/>\n<meta property=\"article:modified_time\" content=\"2025-02-13T14:12:09+00:00\" \/>\n<meta property=\"og:image\" content=\"https:\/\/deggendorf.rotaract.de\/wp-content\/uploads\/sites\/257\/2023\/09\/family.png\" \/>\n<meta name=\"twitter:card\" content=\"summary_large_image\" \/>\n<meta name=\"twitter:label1\" content=\"Gesch\u00e4tzte Lesezeit\" \/>\n\t<meta name=\"twitter:data1\" content=\"3\u00a0Minuten\" \/>\n<script type=\"application\/ld+json\" class=\"yoast-schema-graph\">{\"@context\":\"https:\\\/\\\/schema.org\",\"@graph\":[{\"@type\":\"WebPage\",\"@id\":\"https:\\\/\\\/deggendorf.rotaract.de\\\/?page_id=445\",\"url\":\"https:\\\/\\\/deggendorf.rotaract.de\\\/?page_id=445\",\"name\":\"Rotarische Familie - Rotaract Club Deggendorf\",\"isPartOf\":{\"@id\":\"https:\\\/\\\/deggendorf.rotaract.de\\\/#website\"},\"primaryImageOfPage\":{\"@id\":\"https:\\\/\\\/deggendorf.rotaract.de\\\/?page_id=445#primaryimage\"},\"image\":{\"@id\":\"https:\\\/\\\/deggendorf.rotaract.de\\\/?page_id=445#primaryimage\"},\"thumbnailUrl\":\"https:\\\/\\\/deggendorf.rotaract.de\\\/wp-content\\\/uploads\\\/sites\\\/257\\\/2023\\\/09\\\/family.png\",\"datePublished\":\"2023-09-29T14:14:56+00:00\",\"dateModified\":\"2025-02-13T14:12:09+00:00\",\"breadcrumb\":{\"@id\":\"https:\\\/\\\/deggendorf.rotaract.de\\\/?page_id=445#breadcrumb\"},\"inLanguage\":\"de\",\"potentialAction\":[{\"@type\":\"ReadAction\",\"target\":[\"https:\\\/\\\/deggendorf.rotaract.de\\\/?page_id=445\"]}]},{\"@type\":\"ImageObject\",\"inLanguage\":\"de\",\"@id\":\"https:\\\/\\\/deggendorf.rotaract.de\\\/?page_id=445#primaryimage\",\"url\":\"https:\\\/\\\/deggendorf.rotaract.de\\\/wp-content\\\/uploads\\\/sites\\\/257\\\/2023\\\/09\\\/family.png\",\"contentUrl\":\"https:\\\/\\\/deggendorf.rotaract.de\\\/wp-content\\\/uploads\\\/sites\\\/257\\\/2023\\\/09\\\/family.png\",\"width\":4072,\"height\":1412},{\"@type\":\"BreadcrumbList\",\"@id\":\"https:\\\/\\\/deggendorf.rotaract.de\\\/?page_id=445#breadcrumb\",\"itemListElement\":[{\"@type\":\"ListItem\",\"position\":1,\"name\":\"Startseite\",\"item\":\"https:\\\/\\\/deggendorf.rotaract.de\\\/\"},{\"@type\":\"ListItem\",\"position\":2,\"name\":\"Rotarische Familie\"}]},{\"@type\":\"WebSite\",\"@id\":\"https:\\\/\\\/deggendorf.rotaract.de\\\/#website\",\"url\":\"https:\\\/\\\/deggendorf.rotaract.de\\\/\",\"name\":\"Rotaract Club Deggendorf\",\"description\":\"Distrikt 1842\",\"potentialAction\":[{\"@type\":\"SearchAction\",\"target\":{\"@type\":\"EntryPoint\",\"urlTemplate\":\"https:\\\/\\\/deggendorf.rotaract.de\\\/?s={search_term_string}\"},\"query-input\":{\"@type\":\"PropertyValueSpecification\",\"valueRequired\":true,\"valueName\":\"search_term_string\"}}],\"inLanguage\":\"de\"}]}<\/script>\n<!-- \/ Yoast SEO plugin. -->","yoast_head_json":{"title":"Rotarische Familie - Rotaract Club Deggendorf","robots":{"index":"index","follow":"follow","max-snippet":"max-snippet:-1","max-image-preview":"max-image-preview:large","max-video-preview":"max-video-preview:-1"},"canonical":"https:\/\/deggendorf.rotaract.de\/?page_id=445","og_locale":"de_DE","og_type":"article","og_title":"Rotarische Familie - Rotaract Club Deggendorf","og_description":"Rotary Der Rotary Club Deggendorf wurde 1966 gegr\u00fcndet und z\u00e4hlt heute 59 Mitglieder. Der Club geh\u00f6rt zu Rotary International, gegr\u00fcndet im Jahr 1905 in Chicago. Weltweit hat Rotary 1, 2 Mio. Mitglieder, in Deutschland allein ca. 53.000 in mehr als 1000 Clubs. Alle Rotarierinnen und Rotarier wollen denen zur Seite stehen, die sich nicht selbst ... Weiterlesen","og_url":"https:\/\/deggendorf.rotaract.de\/?page_id=445","og_site_name":"Rotaract Club Deggendorf","article_modified_time":"2025-02-13T14:12:09+00:00","og_image":[{"url":"https:\/\/deggendorf.rotaract.de\/wp-content\/uploads\/sites\/257\/2023\/09\/family.png","type":"","width":"","height":""}],"twitter_card":"summary_large_image","twitter_misc":{"Gesch\u00e4tzte Lesezeit":"3\u00a0Minuten"},"schema":{"@context":"https:\/\/schema.org","@graph":[{"@type":"WebPage","@id":"https:\/\/deggendorf.rotaract.de\/?page_id=445","url":"https:\/\/deggendorf.rotaract.de\/?page_id=445","name":"Rotarische Familie - Rotaract Club Deggendorf","isPartOf":{"@id":"https:\/\/deggendorf.rotaract.de\/#website"},"primaryImageOfPage":{"@id":"https:\/\/deggendorf.rotaract.de\/?page_id=445#primaryimage"},"image":{"@id":"https:\/\/deggendorf.rotaract.de\/?page_id=445#primaryimage"},"thumbnailUrl":"https:\/\/deggendorf.rotaract.de\/wp-content\/uploads\/sites\/257\/2023\/09\/family.png","datePublished":"2023-09-29T14:14:56+00:00","dateModified":"2025-02-13T14:12:09+00:00","breadcrumb":{"@id":"https:\/\/deggendorf.rotaract.de\/?page_id=445#breadcrumb"},"inLanguage":"de","potentialAction":[{"@type":"ReadAction","target":["https:\/\/deggendorf.rotaract.de\/?page_id=445"]}]},{"@type":"ImageObject","inLanguage":"de","@id":"https:\/\/deggendorf.rotaract.de\/?page_id=445#primaryimage","url":"https:\/\/deggendorf.rotaract.de\/wp-content\/uploads\/sites\/257\/2023\/09\/family.png","contentUrl":"https:\/\/deggendorf.rotaract.de\/wp-content\/uploads\/sites\/257\/2023\/09\/family.png","width":4072,"height":1412},{"@type":"BreadcrumbList","@id":"https:\/\/deggendorf.rotaract.de\/?page_id=445#breadcrumb","itemListElement":[{"@type":"ListItem","position":1,"name":"Startseite","item":"https:\/\/deggendorf.rotaract.de\/"},{"@type":"ListItem","position":2,"name":"Rotarische Familie"}]},{"@type":"WebSite","@id":"https:\/\/deggendorf.rotaract.de\/#website","url":"https:\/\/deggendorf.rotaract.de\/","name":"Rotaract Club Deggendorf","description":"Distrikt 1842","potentialAction":[{"@type":"SearchAction","target":{"@type":"EntryPoint","urlTemplate":"https:\/\/deggendorf.rotaract.de\/?s={search_term_string}"},"query-input":{"@type":"PropertyValueSpecification","valueRequired":true,"valueName":"search_term_string"}}],"inLanguage":"de"}]}},"_links":{"self":[{"href":"https:\/\/deggendorf.rotaract.de\/index.php?rest_route=\/wp\/v2\/pages\/445","targetHints":{"allow":["GET"]}}],"collection":[{"href":"https:\/\/deggendorf.rotaract.de\/index.php?rest_route=\/wp\/v2\/pages"}],"about":[{"href":"https:\/\/deggendorf.rotaract.de\/index.php?rest_route=\/wp\/v2\/types\/page"}],"author":[{"embeddable":true,"href":"https:\/\/deggendorf.rotaract.de\/index.php?rest_route=\/wp\/v2\/users\/240"}],"replies":[{"embeddable":true,"href":"https:\/\/deggendorf.rotaract.de\/index.php?rest_route=%2Fwp%2Fv2%2Fcomments&post=445"}],"version-history":[{"count":93,"href":"https:\/\/deggendorf.rotaract.de\/index.php?rest_route=\/wp\/v2\/pages\/445\/revisions"}],"predecessor-version":[{"id":1232,"href":"https:\/\/deggendorf.rotaract.de\/index.php?rest_route=\/wp\/v2\/pages\/445\/revisions\/1232"}],"wp:attachment":[{"href":"https:\/\/deggendorf.rotaract.de\/index.php?rest_route=%2Fwp%2Fv2%2Fmedia&parent=445"}],"curies":[{"name":"wp","href":"https:\/\/api.w.org\/{rel}","templated":true}]}}