{"id":680,"date":"2023-11-01T14:34:09","date_gmt":"2023-11-01T13:34:09","guid":{"rendered":"https:\/\/deggendorf.rotaract.de\/?page_id=680"},"modified":"2025-10-28T20:53:15","modified_gmt":"2025-10-28T19:53:15","slug":"home-2","status":"publish","type":"page","link":"https:\/\/deggendorf.rotaract.de\/","title":{"rendered":"Home"},"content":{"rendered":"<h5>In unserem Club leben wir mit den Rotarischen Werten nach dem Motto &#8222;<strong><u>Lernen &#8211; Helfen &#8211; Feiern<\/u><\/strong>&#8222;!<br \/>\nWir tauchen ein in spannende Vortr\u00e4ge, engagieren uns in geselligen Aktivit\u00e4ten, unternehmen aufregende Ausfl\u00fcge und genie\u00dfen gem\u00fctliche Abende, in denen wir einfach zusammen sitzen und die Gesellschaft des anderen genie\u00dfen. Es geht darum, gemeinsam zu wachsen, einander zu unterst\u00fctzen und unsere Reise als Gemeinschaft freudig zu feiern.<\/h5>\n<p><img decoding=\"async\" class=\"alignnone size-medium wp-image-42\" src=\"https:\/\/deggendorf.rotaract.de\/wp-content\/uploads\/sites\/257\/2025\/02\/Rotaract.jpg\" alt=\"\" width=\"1500\" height=\"600\" \/><\/p>\n<h5>Wir sind immer gespannt und freuen uns auf neue interessierte Teilnehmer! <\/p>\n<p>Melde dich einfach \u00fcber das Kontaktformular , per Instagram oder per E-Mail an \u2013 wir k\u00f6nnen es kaum erwarten, dich kennenzulernen!&#8220;<\/h5>\n","protected":false},"excerpt":{"rendered":"<p>In unserem Club leben wir mit den Rotarischen Werten nach dem Motto &#8222;Lernen &#8211; Helfen &#8211; Feiern&#8222;! Wir tauchen ein in spannende Vortr\u00e4ge, engagieren uns in geselligen Aktivit\u00e4ten, unternehmen aufregende Ausfl\u00fcge und genie\u00dfen gem\u00fctliche Abende, in denen wir einfach zusammen sitzen und die Gesellschaft des anderen genie\u00dfen. Es geht darum, gemeinsam zu wachsen, einander zu &#8230; <a title=\"Home\" class=\"read-more\" href=\"https:\/\/deggendorf.rotaract.de\/\" aria-label=\"Mehr Informationen \u00fcber Home\">Weiterlesen<\/a><\/p>\n","protected":false},"author":240,"featured_media":0,"parent":0,"menu_order":0,"comment_status":"closed","ping_status":"closed","template":"","meta":{"_coblocks_attr":"","_coblocks_dimensions":"","_coblocks_responsive_height":"","_coblocks_accordion_ie_support":"","footnotes":""},"class_list":["post-680","page","type-page","status-publish"],"yoast_head":"<!-- This site is optimized with the Yoast SEO plugin v27.5 - https:\/\/yoast.com\/product\/yoast-seo-wordpress\/ -->\n<title>Home - Rotaract Club Deggendorf<\/title>\n<meta name=\"robots\" content=\"index, follow, max-snippet:-1, max-image-preview:large, max-video-preview:-1\" \/>\n<link rel=\"canonical\" href=\"https:\/\/deggendorf.rotaract.de\/\" \/>\n<meta property=\"og:locale\" content=\"de_DE\" \/>\n<meta property=\"og:type\" content=\"article\" \/>\n<meta property=\"og:title\" content=\"Home - Rotaract Club Deggendorf\" \/>\n<meta property=\"og:description\" content=\"In unserem Club leben wir mit den Rotarischen Werten nach dem Motto &#8222;Lernen &#8211; Helfen &#8211; Feiern&#8222;! Wir tauchen ein in spannende Vortr\u00e4ge, engagieren uns in geselligen Aktivit\u00e4ten, unternehmen aufregende Ausfl\u00fcge und genie\u00dfen gem\u00fctliche Abende, in denen wir einfach zusammen sitzen und die Gesellschaft des anderen genie\u00dfen. Es geht darum, gemeinsam zu wachsen, einander zu ... Weiterlesen\" \/>\n<meta property=\"og:url\" content=\"https:\/\/deggendorf.rotaract.de\/\" \/>\n<meta property=\"og:site_name\" content=\"Rotaract Club Deggendorf\" \/>\n<meta property=\"article:modified_time\" content=\"2025-10-28T19:53:15+00:00\" \/>\n<meta property=\"og:image\" content=\"https:\/\/deggendorf.rotaract.de\/wp-content\/uploads\/sites\/257\/2017\/10\/lernen.jpg\" \/>\n\t<meta property=\"og:image:width\" content=\"716\" \/>\n\t<meta property=\"og:image:height\" content=\"665\" \/>\n\t<meta property=\"og:image:type\" content=\"image\/jpeg\" \/>\n<meta name=\"twitter:card\" content=\"summary_large_image\" \/>\n<meta name=\"twitter:label1\" content=\"Gesch\u00e4tzte Lesezeit\" \/>\n\t<meta name=\"twitter:data1\" content=\"1\u00a0Minute\" \/>\n<script type=\"application\/ld+json\" class=\"yoast-schema-graph\">{\"@context\":\"https:\\\/\\\/schema.org\",\"@graph\":[{\"@type\":\"WebPage\",\"@id\":\"https:\\\/\\\/deggendorf.rotaract.de\\\/\",\"url\":\"https:\\\/\\\/deggendorf.rotaract.de\\\/\",\"name\":\"Home - Rotaract Club Deggendorf\",\"isPartOf\":{\"@id\":\"https:\\\/\\\/deggendorf.rotaract.de\\\/#website\"},\"primaryImageOfPage\":{\"@id\":\"https:\\\/\\\/deggendorf.rotaract.de\\\/#primaryimage\"},\"image\":{\"@id\":\"https:\\\/\\\/deggendorf.rotaract.de\\\/#primaryimage\"},\"thumbnailUrl\":\"https:\\\/\\\/deggendorf.rotaract.de\\\/wp-content\\\/uploads\\\/sites\\\/257\\\/2025\\\/02\\\/Rotaract.jpg\",\"datePublished\":\"2023-11-01T13:34:09+00:00\",\"dateModified\":\"2025-10-28T19:53:15+00:00\",\"breadcrumb\":{\"@id\":\"https:\\\/\\\/deggendorf.rotaract.de\\\/#breadcrumb\"},\"inLanguage\":\"de\",\"potentialAction\":[{\"@type\":\"ReadAction\",\"target\":[\"https:\\\/\\\/deggendorf.rotaract.de\\\/\"]}]},{\"@type\":\"ImageObject\",\"inLanguage\":\"de\",\"@id\":\"https:\\\/\\\/deggendorf.rotaract.de\\\/#primaryimage\",\"url\":\"https:\\\/\\\/deggendorf.rotaract.de\\\/wp-content\\\/uploads\\\/sites\\\/257\\\/2017\\\/10\\\/lernen.jpg\",\"contentUrl\":\"https:\\\/\\\/deggendorf.rotaract.de\\\/wp-content\\\/uploads\\\/sites\\\/257\\\/2017\\\/10\\\/lernen.jpg\",\"width\":716,\"height\":665},{\"@type\":\"BreadcrumbList\",\"@id\":\"https:\\\/\\\/deggendorf.rotaract.de\\\/#breadcrumb\",\"itemListElement\":[{\"@type\":\"ListItem\",\"position\":1,\"name\":\"Startseite\",\"item\":\"https:\\\/\\\/deggendorf.rotaract.de\\\/\"},{\"@type\":\"ListItem\",\"position\":2,\"name\":\"Home\"}]},{\"@type\":\"WebSite\",\"@id\":\"https:\\\/\\\/deggendorf.rotaract.de\\\/#website\",\"url\":\"https:\\\/\\\/deggendorf.rotaract.de\\\/\",\"name\":\"Rotaract Club Deggendorf\",\"description\":\"Distrikt 1842\",\"potentialAction\":[{\"@type\":\"SearchAction\",\"target\":{\"@type\":\"EntryPoint\",\"urlTemplate\":\"https:\\\/\\\/deggendorf.rotaract.de\\\/?s={search_term_string}\"},\"query-input\":{\"@type\":\"PropertyValueSpecification\",\"valueRequired\":true,\"valueName\":\"search_term_string\"}}],\"inLanguage\":\"de\"}]}<\/script>\n<!-- \/ Yoast SEO plugin. -->","yoast_head_json":{"title":"Home - Rotaract Club Deggendorf","robots":{"index":"index","follow":"follow","max-snippet":"max-snippet:-1","max-image-preview":"max-image-preview:large","max-video-preview":"max-video-preview:-1"},"canonical":"https:\/\/deggendorf.rotaract.de\/","og_locale":"de_DE","og_type":"article","og_title":"Home - Rotaract Club Deggendorf","og_description":"In unserem Club leben wir mit den Rotarischen Werten nach dem Motto &#8222;Lernen &#8211; Helfen &#8211; Feiern&#8222;! Wir tauchen ein in spannende Vortr\u00e4ge, engagieren uns in geselligen Aktivit\u00e4ten, unternehmen aufregende Ausfl\u00fcge und genie\u00dfen gem\u00fctliche Abende, in denen wir einfach zusammen sitzen und die Gesellschaft des anderen genie\u00dfen. Es geht darum, gemeinsam zu wachsen, einander zu ... Weiterlesen","og_url":"https:\/\/deggendorf.rotaract.de\/","og_site_name":"Rotaract Club Deggendorf","article_modified_time":"2025-10-28T19:53:15+00:00","og_image":[{"width":716,"height":665,"url":"https:\/\/deggendorf.rotaract.de\/wp-content\/uploads\/sites\/257\/2017\/10\/lernen.jpg","type":"image\/jpeg"}],"twitter_card":"summary_large_image","twitter_misc":{"Gesch\u00e4tzte Lesezeit":"1\u00a0Minute"},"schema":{"@context":"https:\/\/schema.org","@graph":[{"@type":"WebPage","@id":"https:\/\/deggendorf.rotaract.de\/","url":"https:\/\/deggendorf.rotaract.de\/","name":"Home - Rotaract Club Deggendorf","isPartOf":{"@id":"https:\/\/deggendorf.rotaract.de\/#website"},"primaryImageOfPage":{"@id":"https:\/\/deggendorf.rotaract.de\/#primaryimage"},"image":{"@id":"https:\/\/deggendorf.rotaract.de\/#primaryimage"},"thumbnailUrl":"https:\/\/deggendorf.rotaract.de\/wp-content\/uploads\/sites\/257\/2025\/02\/Rotaract.jpg","datePublished":"2023-11-01T13:34:09+00:00","dateModified":"2025-10-28T19:53:15+00:00","breadcrumb":{"@id":"https:\/\/deggendorf.rotaract.de\/#breadcrumb"},"inLanguage":"de","potentialAction":[{"@type":"ReadAction","target":["https:\/\/deggendorf.rotaract.de\/"]}]},{"@type":"ImageObject","inLanguage":"de","@id":"https:\/\/deggendorf.rotaract.de\/#primaryimage","url":"https:\/\/deggendorf.rotaract.de\/wp-content\/uploads\/sites\/257\/2017\/10\/lernen.jpg","contentUrl":"https:\/\/deggendorf.rotaract.de\/wp-content\/uploads\/sites\/257\/2017\/10\/lernen.jpg","width":716,"height":665},{"@type":"BreadcrumbList","@id":"https:\/\/deggendorf.rotaract.de\/#breadcrumb","itemListElement":[{"@type":"ListItem","position":1,"name":"Startseite","item":"https:\/\/deggendorf.rotaract.de\/"},{"@type":"ListItem","position":2,"name":"Home"}]},{"@type":"WebSite","@id":"https:\/\/deggendorf.rotaract.de\/#website","url":"https:\/\/deggendorf.rotaract.de\/","name":"Rotaract Club Deggendorf","description":"Distrikt 1842","potentialAction":[{"@type":"SearchAction","target":{"@type":"EntryPoint","urlTemplate":"https:\/\/deggendorf.rotaract.de\/?s={search_term_string}"},"query-input":{"@type":"PropertyValueSpecification","valueRequired":true,"valueName":"search_term_string"}}],"inLanguage":"de"}]}},"_links":{"self":[{"href":"https:\/\/deggendorf.rotaract.de\/index.php?rest_route=\/wp\/v2\/pages\/680","targetHints":{"allow":["GET"]}}],"collection":[{"href":"https:\/\/deggendorf.rotaract.de\/index.php?rest_route=\/wp\/v2\/pages"}],"about":[{"href":"https:\/\/deggendorf.rotaract.de\/index.php?rest_route=\/wp\/v2\/types\/page"}],"author":[{"embeddable":true,"href":"https:\/\/deggendorf.rotaract.de\/index.php?rest_route=\/wp\/v2\/users\/240"}],"replies":[{"embeddable":true,"href":"https:\/\/deggendorf.rotaract.de\/index.php?rest_route=%2Fwp%2Fv2%2Fcomments&post=680"}],"version-history":[{"count":194,"href":"https:\/\/deggendorf.rotaract.de\/index.php?rest_route=\/wp\/v2\/pages\/680\/revisions"}],"predecessor-version":[{"id":1263,"href":"https:\/\/deggendorf.rotaract.de\/index.php?rest_route=\/wp\/v2\/pages\/680\/revisions\/1263"}],"wp:attachment":[{"href":"https:\/\/deggendorf.rotaract.de\/index.php?rest_route=%2Fwp%2Fv2%2Fmedia&parent=680"}],"curies":[{"name":"wp","href":"https:\/\/api.w.org\/{rel}","templated":true}]}}